{"id":11375,"date":"2025-06-03T14:11:33","date_gmt":"2025-06-03T14:11:33","guid":{"rendered":"https:\/\/moonlakeit.at\/?page_id=11375"},"modified":"2025-06-03T14:34:15","modified_gmt":"2025-06-03T14:34:15","slug":"transportschaeden","status":"publish","type":"page","link":"https:\/\/moonlakeit.at\/en\/transportschaeden","title":{"rendered":"Transport damage"},"content":{"rendered":"<p>Despite careful packaging and shipping, damage may occur during transport in rare cases. Please inspect the goods immediately upon receipt for any damage. If you notice any transport damage, please notify us immediately and document the damage with photos. In this case, please contact our customer service team so we can find a solution as quickly as possible.<\/p>\n\n\n\n<p>Contact If you have any questions, concerns or would like to report transport damage, please do not hesitate to contact us: \ud83d\udce7 Email: <a href=\"mailto:office@moonlakeit.at\">office@moonlakeit.at<\/a> \ud83d\udcde Phone: +43 676 4378098<\/p>\n\n\n\n<p>Alternatively, you can also use our contact form on the website.<\/p>","protected":false},"excerpt":{"rendered":"<p>Trotz sorgf\u00e4ltiger Verpackung und Versand k\u00f6nnen in seltenen F\u00e4llen Sch\u00e4den w\u00e4hrend des Transports auftreten. Bitte \u00fcberpr\u00fcfen Sie die Ware unmittelbar nach Erhalt auf eventuelle Besch\u00e4digungen. Sollten Sie einen Transportschaden feststellen, informieren Sie uns bitte umgehend und dokumentieren Sie den Schaden mit Fotos. Wenden Sie sich in diesem Fall an unser Kundenservice-Team, damit wir schnellstm\u00f6glich eine [&hellip;]<\/p>\n","protected":false},"author":1,"featured_media":0,"parent":0,"menu_order":0,"comment_status":"closed","ping_status":"closed","template":"","meta":{"footnotes":""},"class_list":["post-11375","page","type-page","status-publish","hentry"],"_links":{"self":[{"href":"https:\/\/moonlakeit.at\/en\/wp-json\/wp\/v2\/pages\/11375","targetHints":{"allow":["GET"]}}],"collection":[{"href":"https:\/\/moonlakeit.at\/en\/wp-json\/wp\/v2\/pages"}],"about":[{"href":"https:\/\/moonlakeit.at\/en\/wp-json\/wp\/v2\/types\/page"}],"author":[{"embeddable":true,"href":"https:\/\/moonlakeit.at\/en\/wp-json\/wp\/v2\/users\/1"}],"replies":[{"embeddable":true,"href":"https:\/\/moonlakeit.at\/en\/wp-json\/wp\/v2\/comments?post=11375"}],"version-history":[{"count":0,"href":"https:\/\/moonlakeit.at\/en\/wp-json\/wp\/v2\/pages\/11375\/revisions"}],"wp:attachment":[{"href":"https:\/\/moonlakeit.at\/en\/wp-json\/wp\/v2\/media?parent=11375"}],"curies":[{"name":"wp","href":"https:\/\/api.w.org\/{rel}","templated":true}]}}